{"id":2471,"date":"2021-11-20T14:15:17","date_gmt":"2021-11-20T13:15:17","guid":{"rendered":"https:\/\/www.borgonatura.it\/?page_id=2471"},"modified":"2021-11-25T09:42:00","modified_gmt":"2021-11-25T08:42:00","slug":"tisane-personalizzate-funzionali-integratori-alimentari-borgo-natura-borgonatura","status":"publish","type":"page","link":"https:\/\/www.borgonatura.it\/index.php\/tisane-personalizzate-funzionali-integratori-alimentari-borgo-natura-borgonatura\/","title":{"rendered":"Tisane Funzionali"},"content":{"rendered":"\n<figure class=\"wp-block-image size-large\"><a href=\"https:\/\/www.borgonatura.it\/wp-content\/uploads\/2021\/11\/Tisane-ODN-R.jpg\"><img loading=\"lazy\" decoding=\"async\" width=\"1024\" height=\"427\" src=\"https:\/\/www.borgonatura.it\/wp-content\/uploads\/2021\/11\/Tisane-ODN-R-1024x427.jpg\" alt=\"\" class=\"wp-image-2459\" srcset=\"https:\/\/www.borgonatura.it\/wp-content\/uploads\/2021\/11\/Tisane-ODN-R-1024x427.jpg 1024w, https:\/\/www.borgonatura.it\/wp-content\/uploads\/2021\/11\/Tisane-ODN-R-300x125.jpg 300w, https:\/\/www.borgonatura.it\/wp-content\/uploads\/2021\/11\/Tisane-ODN-R-768x320.jpg 768w, https:\/\/www.borgonatura.it\/wp-content\/uploads\/2021\/11\/Tisane-ODN-R.jpg 1200w\" sizes=\"auto, (max-width: 1024px) 100vw, 1024px\" \/><\/a><figcaption><em>Tisane Drenanti, Tisane Depurative, Tisane Rilassanti, Tisane Digestive, Tisane allo Zenzero, Tisane allo Zenzero e Limone, Tisane al Finocchio Selvatico, Tisane al Tiglio, Tisane di Alloro, Tisane al Timo, Tisane di Gramigna, Tisane alla Curcuma, Tisane alla Canapa, Tisane alla Betulla, Tisane di Biancospino, Tisane alla Cannella, Tisane al Carciofo, Tisane all\u2019Ortica, Tisane all\u2019Orzo, Tisane di Assenzio, Tisane ai Frutti di Bosco, Tisane alla Rosa, Tisane di Anice, Tisane alla Malva, Tisane ai Semi di Lino\u2026\u2026<\/em><\/figcaption><\/figure>\n\n\n\n<h2 class=\"wp-block-heading\">Tisane Funzionali Personalizzate<\/h2>\n\n\n\n<p>Questi che vedi sotto sono alcuni esempi delle nostre <strong>Tisane Personalizzate<\/strong> che abbiamo gi\u00e0 prodotto, se non trovi quella che vuoi realizzare tu, contattaci e parliamone insieme, sapremo come consigliarti:<\/p>\n\n\n\n<h2 class=\"wp-block-heading\">Tisana Melissa, Tiglio e Calendula<\/h2>\n\n\n\n<p>Ingredienti: Melissa foglie, Arancio dolce foglie, Tiglio fiori e brattee, Calendula fiori 10%, Achillea sommit\u00e0 fiorite 10%, Camomilla Matricaria fiori setacciati, Lemongrass parti aeree.<\/p>\n\n\n\n<blockquote class=\"wp-block-quote is-layout-flow wp-block-quote-is-layout-flow\"><p><strong>Propriet\u00e0: integratore alimentare a base di piante officinali&nbsp;per favorire il benessere della donna durante il ciclo mestruale.<\/strong><\/p><\/blockquote>\n\n\n\n<h2 class=\"wp-block-heading\">Tisana Carciofo e Curcuma<\/h2>\n\n\n\n<p>Ingredienti: Liquirizia (Glycyrrhiza glabra L.) radice; Limone (Citrus limon B.) frutto intero; Menta piperita (Mentha piperita L.) foglie; Carciofo (Cynara scolymus L.) foglie; Curcuma (Curcuma longa L.) rizoma; Tarassaco (Taraxacum officinale Weber) radice; Stevia (Stevia rebaudiana B.) foglie; Rosmarino (Rosmarinus officinalis L.) foglie; aroma naturale di limone<\/p>\n\n\n\n<blockquote class=\"wp-block-quote is-layout-flow wp-block-quote-is-layout-flow\"><p><strong>Propriet\u00e0: Integratore alimentare a base di piante, in particolare con Carciofo per favorire un fisiologico effetto depurativo e Curcuma per un\u2019azione antiossidante. Ideale per una dieta disintossicante, questa tisana \u00e8 composta, oltre dai due ingredienti principali, da: radici di Liquirizia e Tarassaco, foglie di Stevia, Menta piperita, Rosmarino e Limone frutto intero. Da consumare liberamente, soprattutto dopo un pasto abbondante, durante periodi di affaticamento del fegato per aiutare a ritrovare il benessere del nostro organismo sfruttando l\u2019attivit\u00e0 depurativa di queste piante.<\/strong><\/p><\/blockquote>\n\n\n\n<h2 class=\"wp-block-heading\">Tisana Vite Rossa e Mirtillo<\/h2>\n\n\n\n<p>Ingredienti: Vite rossa (Vitis vinifera L.) foglie 35%, Mirtillo nero (Vaccinium myrtillus L.) bacche 20%, Tiglio fiori e brattee (Tilia platyphyllos S.), Rusco (Ruscus aculeatus L.) radice, Amamelide (Hamamelis virginiana L.) foglie.<\/p>\n\n\n\n<blockquote class=\"wp-block-quote is-layout-flow wp-block-quote-is-layout-flow\"><p><strong>Propriet\u00e0: integratore alimentare a base di piante della tradizione erboristica, in particolare Vite rossa, Mirtillo e Rusco, utili per favorire il microcircolo, Rusco e Amamelide per la circolazione venosa.<\/strong><\/p><\/blockquote>\n\n\n\n<h2 class=\"wp-block-heading\">Tisana Anice, Coriandolo, Carvi e Finocchio<\/h2>\n\n\n\n<p>Ingredienti: Anice (Pimpinella anisum L.) frutti 25%, Coriandolo (Coriandrum sativum L.) frutti 25%, Carvi (Carum carvi L.) frutti 20%, Finocchio (Foeniculum vulgare Miller) frutti 15%, Angelica (Angelica archangelica L.) radice 15%.<\/p>\n\n\n\n<blockquote class=\"wp-block-quote is-layout-flow wp-block-quote-is-layout-flow\"><p><strong>Integratore alimentare a base di Anice, Coriandolo, Carvi e Finocchio, piante della tradizione erboristica indicate per favorire la fisiologica eliminazione dei gas intestinali.<\/strong><\/p><\/blockquote>\n\n\n\n<h2 class=\"wp-block-heading\">Tisana al Finocchio<\/h2>\n\n\n\n<p>Ingredienti: Finocchio (Foeniculum vulgare Miller) frutti variet\u00e0 dolce 100%.<\/p>\n\n\n\n<blockquote class=\"wp-block-quote is-layout-flow wp-block-quote-is-layout-flow\"><p><strong>Propriet\u00e0: sgonfiante e drenante. Un frutto prezioso per tutte le et\u00e0. L\u2019infuso di semi di Finocchio \u00e8 una tisana biologica dal gusto gradevole e dalle numerose propriet\u00e0 benefiche. Pu\u00f2 essere consumato in ogni momento della giornata ed \u00e8 altamente consigliato soprattutto per le persone che soffrono di disturbi gastro-intestinali. Il finocchio \u00e8 noto per la sua attivit\u00e0 sgonfiante e diuretica.<\/strong><\/p><\/blockquote>\n\n\n\n<h2 class=\"wp-block-heading\">Tisana Echinacea e Sambuco<\/h2>\n\n\n\n<p>Ingredienti: Echinacea (Echinacea purpurea L. Moench) radice, Rosa canina (Rosa canina L.) bacche, Echinacea (Echinacea purpurea L. Moench) sommit\u00e0 fiorite, Sambuco (Sambucus nigra L.) bacche, Limone (Citrus limon L. Burm. f) frutto intero, Karkad\u00e8 (Hibiscus sabdariffa L.) fiori.<\/p>\n\n\n\n<blockquote class=\"wp-block-quote is-layout-flow wp-block-quote-is-layout-flow\"><p><strong>Propriet\u00e0: integratore alimentare a base di piante della tradizione erboristica, in particolare Echinacea e Sambuco utili per favorire le naturali difese dell\u2019organismo, Rosa canina che svolge un\u2019azione di sostegno e ricostituente<\/strong>.<\/p><\/blockquote>\n\n\n\n<h2 class=\"wp-block-heading\">Tisana Liquirizia, Menta e Finocchio<\/h2>\n\n\n\n<p>Ingredienti: Liquirizia (Glycyrrhiza glabra L.) radice 40%, Finocchio (Foeniculum vulgare Miller) frutti 40%, Menta piperita (Mentha piperita L.) foglie 20%.<\/p>\n\n\n\n<blockquote class=\"wp-block-quote is-layout-flow wp-block-quote-is-layout-flow\"><p><strong>Propriet\u00e0: integratore alimentare a base di piante della tradizione erboristica, in particolare Liquirizia che favorisce le funzionalit\u00e0 del sistema digerente insieme alla Menta e al Finocchio utili anche per favorire la regolare motilit\u00e0 gastrointestinale e l\u2019eliminazione dei gas<\/strong>.<\/p><\/blockquote>\n\n\n\n<h2 class=\"wp-block-heading\">Tisana Frangula e Senna<\/h2>\n\n\n\n<p>Ingredienti: Frangula corteccia, Senna, Liqurizia radice, Camomilla fiori, Finocchio semi, Prugna essiccata, aroma di prugna, Stevia foglie.<\/p>\n\n\n\n<blockquote class=\"wp-block-quote is-layout-flow wp-block-quote-is-layout-flow\"><p><strong>Propriet\u00e0: infuso funzionale con Senna e Frangula per la regolarit\u00e0 del transito intestinale. Gusto gradevole, leggermente dolce e fruttato. Contiene Stevia in foglie, dolcificante naturale. La tisana e molto efficace. Il prodotto va assunto \u2013 preferibilmente lontano dai pasti (meglio se prima di colazione) . L\u2019efficacia del prodotto \u00e8 riscontrabile in pochi giorni dopo circa 5-6 tazze. Il prodotto va assunto per un periodo di circa 10 giorni.<\/strong><\/p><\/blockquote>\n\n\n\n<h2 class=\"wp-block-heading\">Tisana Solidago, Frassino e Tarassaco<\/h2>\n\n\n\n<p>Ingredienti: Solidago (Solidago virga aurea L.) sommit\u00e0 fiorite 20%, Frassino (Fraxinus excelsior L.) foglie 20%, Tarassaco (Taraxacum officinale Weber) foglie 20%, Finocchio (Foeniculum vulgare Miller) frutti 20%, Limone (Citrus limon L. Burm. f) frutto intero 20%.<\/p>\n\n\n\n<blockquote class=\"wp-block-quote is-layout-flow wp-block-quote-is-layout-flow\"><p><strong>Propriet\u00e0: integratore alimentare a base di Solidago, Frassino, Tarassaco, piante della tradizione erboristica indicate per sostenere il fisiologico drenaggio dei liquidi corporei, combinate con Finocchio e Limone.<\/strong><\/p><\/blockquote>\n\n\n\n<h2 class=\"wp-block-heading\">Tisana Melissa e Zenzero<\/h2>\n\n\n\n<p>Ingredienti: Malva (Malva sylvestris L.) foglie, Camomilla (Matricaria chamomilla L.) fiori, Liquirizia (Glycyrrhiza glabra l.) radice, Melissa (Melissa officinalis L.) foglie, Zenzero (Zingiber officinale Rosc.) rizoma.<\/p>\n\n\n\n<blockquote class=\"wp-block-quote is-layout-flow wp-block-quote-is-layout-flow\"><p><strong>Propriet\u00e0: tisana funzionale con Melissa e Zenzero, per favorire la regolare motilit\u00e0 gastro-intestinale e Camomilla per un effetto emolliente e lenitivo del sistema digerente.<\/strong><\/p><\/blockquote>\n\n\n\n<h2 class=\"wp-block-heading\">Tisana Tiglio e Biancospino<\/h2>\n\n\n\n<p>Ingredienti: Tiglio (Tilia platyphyllos S.) fiori e brattee, Biancospino (Crataegus oxyacantha Auct.) foglie e fiori, Verbena odorosa (Lippia citrodora Lam. Kunth.) foglie, Arancio (Citrus sinensis L. Osbeck.) frutto intero.<\/p>\n\n\n\n<blockquote class=\"wp-block-quote is-layout-flow wp-block-quote-is-layout-flow\"><p><strong>Propriet\u00e0: integratore alimentare a base di Tiglio e Biancospino, piante della tradizione erboristica, utili per favorire il rilassamento insieme alla Verbena odorosa indicata anche per il benessere mentale.<\/strong><\/p><\/blockquote>\n\n\n\n<h2 class=\"wp-block-heading\">Tisana Biancospino, Tiglio, Passiflora e Camomilla<\/h2>\n\n\n\n<p>Ingredienti: Biancospino (Crataegus oxyacantha Auct.) foglie e fiori 25%, Tiglio (Tilia platyphyllos Scop) fiori e brattee 25%, Arancio (Citrus sinensis L. Osbeck) frutto intero 20%, Passiflora (Passiflora incarnata L.) parti aeree 15%, Camomilla (Matricaria chamomilla L.) fiori 15%.<\/p>\n\n\n\n<blockquote class=\"wp-block-quote is-layout-flow wp-block-quote-is-layout-flow\"><p><strong>Propriet\u00e0: integratore alimentare a base di Biancospino, Tiglio, Passiflora e Camomilla, piante della tradizione erboristica utili per favorire un fisiologico sonno.<\/strong><\/p><\/blockquote>\n\n\n\n<h2 class=\"wp-block-heading\">Tisana Caff\u00e8 Verde, Moringa, Yerba Mate e Zenzero<\/h2>\n\n\n\n<p>Ingredienti: Caff\u00e8 verde (Coffea arabica L.) semi 15%*, Moringa (Moringa oleifera Lam.) foglie*, Yerba mate (Ilex para-guariensis A.St.Hil) foglie 15%*, Zenzero (Zingiber officinale Roscoe) rizoma 15%*, Karkad\u00e8 (Hibiscus sabdariffa L.) fiori*, Senna (Cassia angustifolia M. Vahl) foglie*, Ananas (ananas comosus L.Merr) frutto intero*, aroma naturale di ananas, Stevia (Stevia rebaudiana B.) foglie*. [ *BIO\/ORGANIC<\/p>\n\n\n\n<blockquote class=\"wp-block-quote is-layout-flow wp-block-quote-is-layout-flow\"><p><strong>Propriet\u00e0: integratore alimentare a base di piante officinali, in particolare con Caff\u00e8 verde, utile per un fisiologico sostegno metabolico. La tisana \u00e8 un infuso composto da diverse piante attive per il controllo del peso e la sua regolarizzazione.<\/strong><\/p><\/blockquote>\n\n\n\n<h2 class=\"wp-block-heading\">Tisana Frangula, Malva e Psillio<\/h2>\n\n\n\n<p>Ingredienti: Frangula (Rhamnus frangula L.) corteccia 40%, Psillio (Plantago psyllium L.) semi 25%, Malva (Malva sylvestris L.) foglie 20%, Liquirizia (Glycyrrhiza glabra L.) radice 15%.<\/p>\n\n\n\n<blockquote class=\"wp-block-quote is-layout-flow wp-block-quote-is-layout-flow\"><p><strong>Propriet\u00e0: integratore alimentare a base di piante della tradizione erboristica, in particolare Frangula, Malva e Psillio, indicate per favorire la regolarit\u00e0 del transito intestinale, e Liquirizia, utile per sostenere la funzionalit\u00e0 del sistema digerente.<\/strong><\/p><\/blockquote>\n\n\n\n<h2 class=\"wp-block-heading\">Tisana Timo, Eucalipto e Menta<\/h2>\n\n\n\n<p>Ingredienti: Timo (Thymus vulgaris L.) sommit\u00e0 fiorite, Eucalipto (Eucalyptus globulus Labill.) foglie, Pino montano (Pinus sylvestris L.) aghi, Menta piperita (Mentha piperita L.) foglie, Malva (Malva sylvestris L.) foglie.<\/p>\n\n\n\n<blockquote class=\"wp-block-quote is-layout-flow wp-block-quote-is-layout-flow\"><p><strong>Propriet\u00e0: integratore alimentare a base di piante della tradizione erboristica, in particolare Timo per favorire la fluidit\u00e0 delle secrezioni bronchiali, Eucalipto e Malva che svolgono un\u2019azione emolliente e lenitiva della mucosa orofaringea e Menta per la funzionalit\u00e0 delle prime vie respiratorie.<\/strong><\/p><\/blockquote>\n\n\n\n<h2 class=\"wp-block-heading\">Tisana Moringa, Zenzero, Limone e Verbena<\/h2>\n\n\n\n<p>Ingredienti: Moringa, Zenzero, Limone, Verbena.<\/p>\n\n\n\n<blockquote class=\"wp-block-quote is-layout-flow wp-block-quote-is-layout-flow\"><p><strong>Propriet\u00e0: integratore alimentare a base di piante della tradizione erboristica, in particolare con Zenzero, utile a favorire la normale circolazione del sangue e Verbena odorosa indicata per il rilassamento e il benessere mentale. Completano la formula Moringa e Limone.<\/strong><\/p><\/blockquote>\n\n\n\n<h2 class=\"wp-block-heading\">Seguici sui Social!<\/h2>\n\n\n\n<ul class=\"wp-block-social-links is-layout-flex wp-block-social-links-is-layout-flex\"><li class=\"wp-social-link wp-social-link-facebook  wp-block-social-link\"><a href=\"https:\/\/www.facebook.com\/tisaneborgonatura\/\" class=\"wp-block-social-link-anchor\"><svg width=\"24\" height=\"24\" viewBox=\"0 0 24 24\" version=\"1.1\" xmlns=\"http:\/\/www.w3.org\/2000\/svg\" aria-hidden=\"true\" focusable=\"false\"><path d=\"M12 2C6.5 2 2 6.5 2 12c0 5 3.7 9.1 8.4 9.9v-7H7.9V12h2.5V9.8c0-2.5 1.5-3.9 3.8-3.9 1.1 0 2.2.2 2.2.2v2.5h-1.3c-1.2 0-1.6.8-1.6 1.6V12h2.8l-.4 2.9h-2.3v7C18.3 21.1 22 17 22 12c0-5.5-4.5-10-10-10z\"><\/path><\/svg><span class=\"wp-block-social-link-label screen-reader-text\">Facebook<\/span><\/a><\/li>\n\n<li class=\"wp-social-link wp-social-link-instagram  wp-block-social-link\"><a href=\"https:\/\/www.instagram.com\/tisaneborgonatura\/\" class=\"wp-block-social-link-anchor\"><svg width=\"24\" height=\"24\" viewBox=\"0 0 24 24\" version=\"1.1\" xmlns=\"http:\/\/www.w3.org\/2000\/svg\" aria-hidden=\"true\" focusable=\"false\"><path d=\"M12,4.622c2.403,0,2.688,0.009,3.637,0.052c0.877,0.04,1.354,0.187,1.671,0.31c0.42,0.163,0.72,0.358,1.035,0.673 c0.315,0.315,0.51,0.615,0.673,1.035c0.123,0.317,0.27,0.794,0.31,1.671c0.043,0.949,0.052,1.234,0.052,3.637 s-0.009,2.688-0.052,3.637c-0.04,0.877-0.187,1.354-0.31,1.671c-0.163,0.42-0.358,0.72-0.673,1.035 c-0.315,0.315-0.615,0.51-1.035,0.673c-0.317,0.123-0.794,0.27-1.671,0.31c-0.949,0.043-1.233,0.052-3.637,0.052 s-2.688-0.009-3.637-0.052c-0.877-0.04-1.354-0.187-1.671-0.31c-0.42-0.163-0.72-0.358-1.035-0.673 c-0.315-0.315-0.51-0.615-0.673-1.035c-0.123-0.317-0.27-0.794-0.31-1.671C4.631,14.688,4.622,14.403,4.622,12 s0.009-2.688,0.052-3.637c0.04-0.877,0.187-1.354,0.31-1.671c0.163-0.42,0.358-0.72,0.673-1.035 c0.315-0.315,0.615-0.51,1.035-0.673c0.317-0.123,0.794-0.27,1.671-0.31C9.312,4.631,9.597,4.622,12,4.622 M12,3 C9.556,3,9.249,3.01,8.289,3.054C7.331,3.098,6.677,3.25,6.105,3.472C5.513,3.702,5.011,4.01,4.511,4.511 c-0.5,0.5-0.808,1.002-1.038,1.594C3.25,6.677,3.098,7.331,3.054,8.289C3.01,9.249,3,9.556,3,12c0,2.444,0.01,2.751,0.054,3.711 c0.044,0.958,0.196,1.612,0.418,2.185c0.23,0.592,0.538,1.094,1.038,1.594c0.5,0.5,1.002,0.808,1.594,1.038 c0.572,0.222,1.227,0.375,2.185,0.418C9.249,20.99,9.556,21,12,21s2.751-0.01,3.711-0.054c0.958-0.044,1.612-0.196,2.185-0.418 c0.592-0.23,1.094-0.538,1.594-1.038c0.5-0.5,0.808-1.002,1.038-1.594c0.222-0.572,0.375-1.227,0.418-2.185 C20.99,14.751,21,14.444,21,12s-0.01-2.751-0.054-3.711c-0.044-0.958-0.196-1.612-0.418-2.185c-0.23-0.592-0.538-1.094-1.038-1.594 c-0.5-0.5-1.002-0.808-1.594-1.038c-0.572-0.222-1.227-0.375-2.185-0.418C14.751,3.01,14.444,3,12,3L12,3z M12,7.378 c-2.552,0-4.622,2.069-4.622,4.622S9.448,16.622,12,16.622s4.622-2.069,4.622-4.622S14.552,7.378,12,7.378z M12,15 c-1.657,0-3-1.343-3-3s1.343-3,3-3s3,1.343,3,3S13.657,15,12,15z M16.804,6.116c-0.596,0-1.08,0.484-1.08,1.08 s0.484,1.08,1.08,1.08c0.596,0,1.08-0.484,1.08-1.08S17.401,6.116,16.804,6.116z\"><\/path><\/svg><span class=\"wp-block-social-link-label screen-reader-text\">Instagram<\/span><\/a><\/li><\/ul>\n","protected":false},"excerpt":{"rendered":"<p>Tisane Funzionali Personalizzate Questi che vedi sotto sono alcuni esempi delle nostre Tisane Personalizzate che abbiamo gi\u00e0 prodotto, se non trovi quella che vuoi realizzare tu, contattaci e parliamone insieme, sapremo come consigliarti: Tisana Melissa, Tiglio e Calendula Ingredienti: Melissa foglie, Arancio dolce foglie, Tiglio fiori e brattee, Calendula fiori 10%, Achillea sommit\u00e0 fiorite 10%, [&hellip;]<\/p>\n","protected":false},"author":1,"featured_media":0,"parent":0,"menu_order":0,"comment_status":"closed","ping_status":"closed","template":"","meta":{"footnotes":""},"class_list":["post-2471","page","type-page","status-publish","czr-hentry"],"_links":{"self":[{"href":"https:\/\/www.borgonatura.it\/index.php\/wp-json\/wp\/v2\/pages\/2471","targetHints":{"allow":["GET"]}}],"collection":[{"href":"https:\/\/www.borgonatura.it\/index.php\/wp-json\/wp\/v2\/pages"}],"about":[{"href":"https:\/\/www.borgonatura.it\/index.php\/wp-json\/wp\/v2\/types\/page"}],"author":[{"embeddable":true,"href":"https:\/\/www.borgonatura.it\/index.php\/wp-json\/wp\/v2\/users\/1"}],"replies":[{"embeddable":true,"href":"https:\/\/www.borgonatura.it\/index.php\/wp-json\/wp\/v2\/comments?post=2471"}],"version-history":[{"count":8,"href":"https:\/\/www.borgonatura.it\/index.php\/wp-json\/wp\/v2\/pages\/2471\/revisions"}],"predecessor-version":[{"id":2553,"href":"https:\/\/www.borgonatura.it\/index.php\/wp-json\/wp\/v2\/pages\/2471\/revisions\/2553"}],"wp:attachment":[{"href":"https:\/\/www.borgonatura.it\/index.php\/wp-json\/wp\/v2\/media?parent=2471"}],"curies":[{"name":"wp","href":"https:\/\/api.w.org\/{rel}","templated":true}]}}